{"id":11,"date":"2026-04-15T21:08:54","date_gmt":"2026-04-15T21:08:54","guid":{"rendered":"https:\/\/pastorluigigarcia.com\/?page_id=11"},"modified":"2026-04-15T21:49:28","modified_gmt":"2026-04-15T21:49:28","slug":"inicio-2","status":"publish","type":"page","link":"https:\/\/pastorluigigarcia.com\/?page_id=11","title":{"rendered":"Inicio"},"content":{"rendered":"\t\t<div data-elementor-type=\"wp-post\" data-elementor-id=\"11\" class=\"elementor elementor-11\">\n\t\t\t\t\t\t<div class=\"elementor-element elementor-element-23b9a3b e-con e-atomic-element e-flexbox-base\" data-id=\"23b9a3b\" data-element_type=\"e-flexbox\" data-e-type=\"e-flexbox\" data-interaction-id=\"23b9a3b\">\n\t\t\t\t\t\t\t\t<p class=\"e-a10b462-937074d e-paragraph-base\" data-interaction-id=\"a10b462\"  >\n\t\t\t\t\t\t\t\tSana tu interior<br>Renueva tu mente<br>Vive tu prop\u00f3sito en Dios\n\t\t\t\t\t<\/p>\n\t\t\t\t<\/div>\n\t\t<div class=\"elementor-element elementor-element-25a73cf e-flex e-con-boxed e-con e-parent\" data-id=\"25a73cf\" data-element_type=\"container\" data-e-type=\"container\">\n\t\t\t\t\t<div class=\"e-con-inner\">\n\t\t\t\t\t\t\t\t<p class=\"e-a4f755d-3a0501d e-paragraph-base\" data-interaction-id=\"a4f755d\"  >\n\t\t\t\t\t\t\t\tSoy el pastor Luigi Garc\u00eda&nbsp;<br>Acompa\u00f1o a personas a experimentar transformaci\u00f3n espiritual y emocional desde la ra\u00edz.\n\t\t\t\t\t<\/p>\n\t\t\t\t\t<\/div>\n\t\t\t\t<\/div>\n\t\t\t\t<div class=\"elementor-element elementor-element-f4807a6 e-con e-atomic-element e-flexbox-base\" data-id=\"f4807a6\" data-element_type=\"e-flexbox\" data-e-type=\"e-flexbox\" data-interaction-id=\"f4807a6\">\n\t\t\t\t\t    \t            <button class=\"e-022c49b-46097b0 e-button-base\" data-interaction-id=\"022c49b\"  >\n            Agenda una sesi\u00f3n ahora&nbsp;\n        <\/button>\n    \t\t\t\t<\/div>\n\t\t\t\t<\/div>\n\t\t","protected":false},"excerpt":{"rendered":"<p>Sana tu interiorRenueva tu menteVive tu prop\u00f3sito en Dios Soy el pastor Luigi Garc\u00eda&nbsp;Acompa\u00f1o a personas a experimentar transformaci\u00f3n espiritual y emocional desde la ra\u00edz. Agenda una sesi\u00f3n ahora&nbsp;<\/p>\n","protected":false},"author":1,"featured_media":0,"parent":0,"menu_order":0,"comment_status":"closed","ping_status":"closed","template":"","meta":{"footnotes":""},"class_list":["post-11","page","type-page","status-publish","hentry"],"_links":{"self":[{"href":"https:\/\/pastorluigigarcia.com\/index.php?rest_route=\/wp\/v2\/pages\/11","targetHints":{"allow":["GET"]}}],"collection":[{"href":"https:\/\/pastorluigigarcia.com\/index.php?rest_route=\/wp\/v2\/pages"}],"about":[{"href":"https:\/\/pastorluigigarcia.com\/index.php?rest_route=\/wp\/v2\/types\/page"}],"author":[{"embeddable":true,"href":"https:\/\/pastorluigigarcia.com\/index.php?rest_route=\/wp\/v2\/users\/1"}],"replies":[{"embeddable":true,"href":"https:\/\/pastorluigigarcia.com\/index.php?rest_route=%2Fwp%2Fv2%2Fcomments&post=11"}],"version-history":[{"count":8,"href":"https:\/\/pastorluigigarcia.com\/index.php?rest_route=\/wp\/v2\/pages\/11\/revisions"}],"predecessor-version":[{"id":24,"href":"https:\/\/pastorluigigarcia.com\/index.php?rest_route=\/wp\/v2\/pages\/11\/revisions\/24"}],"wp:attachment":[{"href":"https:\/\/pastorluigigarcia.com\/index.php?rest_route=%2Fwp%2Fv2%2Fmedia&parent=11"}],"curies":[{"name":"wp","href":"https:\/\/api.w.org\/{rel}","templated":true}]}}